{"id":9191,"date":"2021-12-16T18:36:34","date_gmt":"2021-12-16T17:36:34","guid":{"rendered":"https:\/\/www.immopinson.be\/nieuwbouw\/"},"modified":"2023-12-15T12:49:31","modified_gmt":"2023-12-15T11:49:31","slug":"nouvelle-construction","status":"publish","type":"page","link":"https:\/\/www.immopinson.be\/fr\/nouvelle-construction\/","title":{"rendered":"Projets de nouvelle construction"},"content":{"rendered":"<p style=\"text-align: center;\">D\u00e9couvrez nos nouveaux projets de construction ci-dessous. Vous avez des questions ? <a href=\"https:\/\/www.immopinson.be\/fr\/contact\/\">N&rsquo;h\u00e9sitez pas \u00e0 nous contacter<\/a> !<\/p>\n","protected":false},"excerpt":{"rendered":"<p>D\u00e9couvrez nos nouveaux projets de construction ci-dessous. Vous avez des questions ? N&rsquo;h\u00e9sitez pas \u00e0 nous contacter !<\/p>\n","protected":false},"author":1,"featured_media":0,"parent":0,"menu_order":3,"comment_status":"closed","ping_status":"closed","template":"page-projects.php","meta":{"_acf_changed":false,"footnotes":""},"class_list":["post-9191","page","type-page","status-publish","hentry"],"acf":[],"_links":{"self":[{"href":"https:\/\/www.immopinson.be\/fr\/wp-json\/wp\/v2\/pages\/9191","targetHints":{"allow":["GET"]}}],"collection":[{"href":"https:\/\/www.immopinson.be\/fr\/wp-json\/wp\/v2\/pages"}],"about":[{"href":"https:\/\/www.immopinson.be\/fr\/wp-json\/wp\/v2\/types\/page"}],"author":[{"embeddable":true,"href":"https:\/\/www.immopinson.be\/fr\/wp-json\/wp\/v2\/users\/1"}],"replies":[{"embeddable":true,"href":"https:\/\/www.immopinson.be\/fr\/wp-json\/wp\/v2\/comments?post=9191"}],"version-history":[{"count":0,"href":"https:\/\/www.immopinson.be\/fr\/wp-json\/wp\/v2\/pages\/9191\/revisions"}],"wp:attachment":[{"href":"https:\/\/www.immopinson.be\/fr\/wp-json\/wp\/v2\/media?parent=9191"}],"curies":[{"name":"wp","href":"https:\/\/api.w.org\/{rel}","templated":true}]}}